{"id":4769,"date":"2022-05-16T08:38:32","date_gmt":"2022-05-16T06:38:32","guid":{"rendered":"https:\/\/chdtuning.com\/?page_id=4769"},"modified":"2022-05-25T09:07:57","modified_gmt":"2022-05-25T07:07:57","slug":"cookie-policy","status":"publish","type":"page","link":"https:\/\/chdtuning.com\/index.php\/cookie-policy\/","title":{"rendered":"Cookie Policy"},"content":{"rendered":"\n<p><strong>Informativa Cookie Policy<\/strong><\/p>\n\n\n\n<p><strong>Informativa estesa Cookie Policy<\/strong><br>\nUtilizziamo i cookie per rendere il nostro sito pi\u00f9 facile ed intuitivo. I dati\nraccolti grazie ai cookie servono per rendere l\u2019esperienza di navigazione pi\u00f9\npiacevole e pi\u00f9 efficiente in futuro.<\/p>\n\n\n\n<p><strong>Cosa sono i cookie?<\/strong><br>\nI cookie sono piccoli file di testo inviati dal sito al terminale\ndell\u2019interessato (solitamente al browser), dove vengono memorizzati per essere\npoi ritrasmessi al sito alla successiva visita del medesimo utente. Un cookie\nnon pu\u00f2 richiamare nessun altro dato dal disco fisso dell\u2019utente n\u00e9 trasmettere\nvirus informatici o acquisire indirizzi email. Ogni cookie \u00e8 unico per il web\nbrowser dell\u2019utente. Alcune delle funzioni dei cookie possono essere demandate\nad altre tecnologie. Nel presente documento con il termine \u2018cookie\u2019 si vuol far\nriferimento sia ai cookie, propriamente detti, sia a tutte le tecnologie\nsimilari.<\/p>\n\n\n\n<p><strong>Tipologia dei cookie<\/strong><br>\nI cookie possono essere di prima o di terza parte, dove per \u201cprima parte\u201d si\nintendono i cookie che riportano come dominio il sito, mentre per \u201cterza parte\u201d\nsi intendono i cookie che sono relativi a domini esterni.<\/p>\n\n\n\n<p>I cookie di terza parte sono necessariamente installati da\nun soggetto esterno, sempre definito come \u201cterza parte\u201d, non gestito dal sito.\nTali soggetti possono eventualmente installare anche cookie di prima parte,\nsalvando sul dominio del sito i propri cookie.<\/p>\n\n\n\n<p><strong>Natura dei cookie<\/strong><br>\nRelativamente alla natura dei cookie, ne esistono di diversi tipi:<\/p>\n\n\n\n<p><strong>Cookie tecnici<\/strong><br>\nI cookie tecnici sono quelli utilizzati al solo fine di \u201ceffettuare la\ntrasmissione di una comunicazione su una rete di comunicazione elettronica, o\nnella misura strettamente necessaria al fornitore di un servizio della societ\u00e0\ndell\u2019informazione esplicitamente richiesto dall\u2019abbonato o dall\u2019utente a\nerogare tale servizio\u201d (cfr. art. 122, comma 1, del Codice).<\/p>\n\n\n\n<p>Essi non vengono utilizzati per scopi ulteriori e sono\nnormalmente installati direttamente dal titolare o gestore del sito web.\nPossono essere suddivisi in:<br>\n\u2022 cookie di navigazione o di sessione, che garantiscono la normale navigazione\ne fruizione del sito web (permettendo, ad esempio, di realizzare un acquisto o\nautenticarsi per accedere ad aree riservate); essi sono di fatto necessari per\nil corretto funzionamento del sito;<br>\n\u2022 cookie analytics, assimilati ai cookie tecnici laddove utilizzati\ndirettamente dal gestore del sito per raccogliere informazioni, in forma\naggregata, sul numero degli utenti e su come questi visitano il sito stesso, al\nfine di migliorare le performance del sito;<br>\n\u2022 cookie di funzionalit\u00e0, che permettono all\u2019utente la navigazione in funzione\ndi una serie di criteri selezionati (ad esempio, la lingua) al fine di\nmigliorare il servizio reso allo stesso. Per l\u2019installazione di tali cookie non\n\u00e8 richiesto il preventivo consenso degli utenti (pi\u00f9 informazioni nel paragrafo\nGestione dei cookie in basso).<\/p>\n\n\n\n<p><strong>Cookie di profilazione<\/strong><br>\nI cookie di profilazione sono volti a creare profili relativi all\u2019utente e\nvengono utilizzati al fine di inviare messaggi pubblicitari in linea con le\npreferenze manifestate dallo stesso nell\u2019ambito della navigazione in rete.<\/p>\n\n\n\n<p>Per l\u2019utilizzo dei cookie di profilazione \u00e8 richiesto il\nconsenso dell\u2019interessato. Secondo il provvedimento (pi\u00f9 informazioni nel\nparagrafo Gestione dei cookie in basso) l\u2019utente pu\u00f2 autorizzare o negare il\nconsenso all\u2019installazione dei cookie attraverso le opzioni fornite nella\nsezione \u201cGestione dei cookie\u201d.<\/p>\n\n\n\n<p>In caso di cookie di terze parti, il sito non ha un\ncontrollo diretto dei singoli cookie e non pu\u00f2 controllarli (non pu\u00f2 n\u00e9\ninstallarli direttamente n\u00e9 cancellarli). Puoi comunque gestire questi cookie\nattraverso le impostazioni del browser (segui le istruzioni riportate pi\u00f9 avanti),\no i siti indicati nella sezione \u201cGestione dei cookie\u201d.<\/p>\n\n\n\n<p><strong>Durata dei cookie<\/strong><br>\nI cookie hanno una durata dettata dalla data di scadenza (o da un\u2019azione\nspecifica come la chiusura del browser) impostata al momento\ndell\u2019installazione.<br>\nI cookie possono essere:<br>\n\u2022 temporanei o di sessione (session cookie): sono utilizzati per archiviare\ninformazioni temporanee, consentono di collegare le azioni eseguite durante una\nsessione specifica e vengono rimossi dal computer alla chiusura del browser;<br>\n\u2022 permanenti (persistent cookie): sono utilizzati per archiviare informazioni,\nad esempio il nome e la password di accesso, in modo da evitare che l\u2019utente\ndebba digitarli nuovamente ogni volta che visita un sito specifico. Questi\nrimangono memorizzati nel computer anche dopo aver chiuso il browser.<\/p>\n\n\n\n<p><strong>Cookie installati su questo sito<\/strong><br>\n\u2013 questo sito utilizza cookie tecnici<br>\n\u2013 questo sito non utilizza cookie di profilazione<\/p>\n\n\n\n<p><strong>Come controllare l\u2019installazione dei Cookie?<\/strong><\/p>\n\n\n\n<p>In aggiunta a quanto indicato in questo documento, l\u2019Utente\npu\u00f2 gestire le preferenze relative ai Cookie direttamente all\u2019interno del\nproprio browser ed impedire \u2013 ad esempio \u2013 che terze parti possano installarne.\nTramite le preferenze del browser \u00e8 inoltre possibile eliminare i Cookie\ninstallati in passato, incluso il Cookie in cui venga eventualmente salvato il\nconsenso all\u2019installazione di Cookie da parte di questo sito. \u00c8 importante\nnotare che disabilitando tutti i Cookie, il funzionamento di questo sito\npotrebbe essere compromesso. L\u2019Utente pu\u00f2 trovare informazioni su come gestire\ni Cookie nel suo browser ai seguenti indirizzi: Google Chrome, Mozilla Firefox,\nApple Safari and Microsoft Windows Explorer.<\/p>\n\n\n\n<p>In caso di servizi erogati da terze parti, l\u2019Utente pu\u00f2\ninoltre esercitare il proprio diritto ad opporsi al tracciamento informandosi\ntramite la privacy policy della terza parte, tramite il link di opt-out se\nesplicitamente fornito o contattando direttamente la stessa.<\/p>\n\n\n\n<p><strong>IL \u201cTITOLARE\u201d DEL TRATTAMENTO<\/strong><\/p>\n\n\n\n<p>\u201cTitolare\u201d del trattamento dei dati personali eventualmente\ntrattati a seguito dell\u2019utilizzo del sito Internet e di ogni altro dato\nutilizzato per la fornitura dei nostri servizi legati all\u2019adeguamento in\nmateria di Privacy come da contratto sottoscritto, \u00e8 C.H.D. Tuning S.A.S. Di\nFregonese Loris, con sede in Via Galileo Ferraris, 7 10040 Val della Torre (TO).<\/p>\n","protected":false},"excerpt":{"rendered":"<p>Informativa Cookie Policy Informativa estesa Cookie Policy Utilizziamo i cookie per rendere il nostro sito pi\u00f9 facile ed intuitivo. I dati raccolti grazie ai cookie servono per rendere l\u2019esperienza di navigazione pi\u00f9 piacevole e pi\u00f9 efficiente in futuro. Cosa sono i cookie? I cookie sono piccoli file di testo inviati dal sito al terminale dell\u2019interessato<br \/><a class=\"more-link\" href=\"https:\/\/chdtuning.com\/index.php\/cookie-policy\/\"><br \/>\n        Approfondisci<span class=\"screen-reader-text\"> &#8220;Cookie Policy&#8221;<\/span><\/a><\/p>\n","protected":false},"author":6,"featured_media":0,"parent":0,"menu_order":0,"comment_status":"closed","ping_status":"closed","template":"","meta":[],"_links":{"self":[{"href":"https:\/\/chdtuning.com\/index.php\/wp-json\/wp\/v2\/pages\/4769"}],"collection":[{"href":"https:\/\/chdtuning.com\/index.php\/wp-json\/wp\/v2\/pages"}],"about":[{"href":"https:\/\/chdtuning.com\/index.php\/wp-json\/wp\/v2\/types\/page"}],"author":[{"embeddable":true,"href":"https:\/\/chdtuning.com\/index.php\/wp-json\/wp\/v2\/users\/6"}],"replies":[{"embeddable":true,"href":"https:\/\/chdtuning.com\/index.php\/wp-json\/wp\/v2\/comments?post=4769"}],"version-history":[{"count":1,"href":"https:\/\/chdtuning.com\/index.php\/wp-json\/wp\/v2\/pages\/4769\/revisions"}],"predecessor-version":[{"id":4770,"href":"https:\/\/chdtuning.com\/index.php\/wp-json\/wp\/v2\/pages\/4769\/revisions\/4770"}],"wp:attachment":[{"href":"https:\/\/chdtuning.com\/index.php\/wp-json\/wp\/v2\/media?parent=4769"}],"curies":[{"name":"wp","href":"https:\/\/api.w.org\/{rel}","templated":true}]}}